{"id":11135,"date":"2023-05-27T11:14:39","date_gmt":"2023-05-27T09:14:39","guid":{"rendered":"https:\/\/www.twosisterslivinglife.com\/ueber-uns-2\/"},"modified":"2023-09-30T19:15:56","modified_gmt":"2023-09-30T17:15:56","slug":"ueber-uns-2","status":"publish","type":"page","link":"https:\/\/www.twosisterslivinglife.com\/de\/ueber-uns-2\/","title":{"rendered":"\u00dcber uns"},"content":{"rendered":"\t\t<div data-elementor-type=\"wp-page\" data-elementor-id=\"11135\" class=\"elementor elementor-11135 elementor-10946\">\n\t\t\t\t\t\t<section class=\"penci-section penci-dmcheck penci-elbg-activate penci-disSticky penci-structure-10 elementor-section elementor-top-section elementor-element elementor-element-5c1a4844 elementor-section-boxed elementor-section-height-default elementor-section-height-default\" data-id=\"5c1a4844\" data-element_type=\"section\" data-settings=\"{&quot;background_background&quot;:&quot;classic&quot;,&quot;shape_divider_bottom&quot;:&quot;mountains&quot;}\">\n\t\t\t\t\t<div class=\"elementor-shape elementor-shape-bottom\" aria-hidden=\"true\" data-negative=\"false\">\n\t\t\t<svg xmlns=\"http:\/\/www.w3.org\/2000\/svg\" viewBox=\"0 0 1000 100\" preserveAspectRatio=\"none\">\n\t<path class=\"elementor-shape-fill\" opacity=\"0.33\" d=\"M473,67.3c-203.9,88.3-263.1-34-320.3,0C66,119.1,0,59.7,0,59.7V0h1000v59.7 c0,0-62.1,26.1-94.9,29.3c-32.8,3.3-62.8-12.3-75.8-22.1C806,49.6,745.3,8.7,694.9,4.7S492.4,59,473,67.3z\"\/>\n\t<path class=\"elementor-shape-fill\" opacity=\"0.66\" d=\"M734,67.3c-45.5,0-77.2-23.2-129.1-39.1c-28.6-8.7-150.3-10.1-254,39.1 s-91.7-34.4-149.2,0C115.7,118.3,0,39.8,0,39.8V0h1000v36.5c0,0-28.2-18.5-92.1-18.5C810.2,18.1,775.7,67.3,734,67.3z\"\/>\n\t<path class=\"elementor-shape-fill\" d=\"M766.1,28.9c-200-57.5-266,65.5-395.1,19.5C242,1.8,242,5.4,184.8,20.6C128,35.8,132.3,44.9,89.9,52.5C28.6,63.7,0,0,0,0 h1000c0,0-9.9,40.9-83.6,48.1S829.6,47,766.1,28.9z\"\/>\n<\/svg>\t\t<\/div>\n\t\t\t\t\t<div class=\"elementor-container elementor-column-gap-default\">\n\t\t\t\t\t<div class=\"penci-ercol-100 penci-ercol-order-1 penci-sticky-ct    elementor-column elementor-col-100 elementor-top-column elementor-element elementor-element-358c32ce\" data-id=\"358c32ce\" data-element_type=\"column\">\n\t\t\t<div class=\"elementor-widget-wrap elementor-element-populated\">\n\t\t\t\t\t\t<div class=\"elementor-element elementor-element-446da6f1 elementor-view-default elementor-widget elementor-widget-icon\" data-id=\"446da6f1\" data-element_type=\"widget\" data-widget_type=\"icon.default\">\n\t\t\t\t<div class=\"elementor-widget-container\">\n\t\t\t\t\t\t\t<div class=\"elementor-icon-wrapper\">\n\t\t\t<div class=\"elementor-icon\">\n\t\t\t<svg xmlns=\"http:\/\/www.w3.org\/2000\/svg\" height=\"512pt\" viewBox=\"0 0 512.00061 512\" width=\"512pt\"><path d=\"m412 136c0 5.519531 4.480469 10 10 10s10-4.480469 10-10-4.480469-10-10-10-10 4.480469-10 10zm0 0\"><\/path><path d=\"m452 256c0 12.808594-1.285156 25.59375-3.816406 38-1.105469 5.410156 2.386718 10.691406 7.796875 11.796875.675781.140625 1.347656.207031 2.011719.207031 4.652343 0 8.820312-3.269531 9.789062-8.003906 2.800781-13.722656 4.21875-27.851562 4.21875-42 0-31.488281-6.828125-61.789062-20.300781-90.0625-2.375-4.984375-8.339844-7.101562-13.328125-4.726562-4.988282 2.375-7.101563 8.34375-4.726563 13.332031 12.179688 25.5625 18.355469 52.96875 18.355469 81.457031zm0 0\"><\/path><path d=\"m306 346h-10v-130c0-5.523438-4.476562-10-10-10h-80c-5.523438 0-10 4.476562-10 10v40c0 5.523438 4.476562 10 10 10h10v80h-10c-5.523438 0-10 4.476562-10 10v40c0 5.523438 4.476562 10 10 10h100c5.523438 0 10-4.476562 10-10v-40c0-5.523438-4.476562-10-10-10zm-10 40h-80v-20h10c5.523438 0 10-4.476562 10-10v-100c0-5.523438-4.476562-10-10-10h-10v-20h60v130c0 5.523438 4.480469 10 10 10h10zm0 0\"><\/path><path d=\"m256 186c22.054688 0 40-17.945312 40-40s-17.945312-40-40-40-40 17.945312-40 40 17.945312 40 40 40zm0-60c11.027344 0 20 8.972656 20 20s-8.972656 20-20 20-20-8.972656-20-20 8.972656-20 20-20zm0 0\"><\/path><path d=\"m256 0c-137.976562 0-256 117.800781-256 256 0 47.207031 13.527344 97.410156 36.335938 135.382812l-35.824219 107.457032c-1.195313 3.589844-.261719 7.554687 2.417969 10.230468 2.691406 2.691407 6.660156 3.609376 10.234374 2.414063l107.457032-35.820313c37.96875 22.8125 88.171875 36.335938 135.378906 36.335938 138.011719 0 256-117.816406 256-256 0-138.011719-117.8125-256-256-256zm0 492c-45.285156 0-93.417969-13.363281-128.757812-35.746094-2.503907-1.585937-5.625-2.003906-8.515626-1.039062l-92.914062 30.972656 30.972656-92.914062c.953125-2.851563.570313-5.976563-1.039062-8.515626-22.382813-35.335937-35.746094-83.472656-35.746094-128.757812 0-127.925781 108.074219-236 236-236s236 108.074219 236 236-108.074219 236-236 236zm0 0\"><\/path><\/svg>\t\t\t<\/div>\n\t\t<\/div>\n\t\t\t\t\t\t<\/div>\n\t\t\t\t<\/div>\n\t\t\t\t<div class=\"elementor-element elementor-element-332c6551 elementor-widget elementor-widget-penci-fancy_heading\" data-id=\"332c6551\" data-element_type=\"widget\" data-widget_type=\"penci-fancy_heading.default\">\n\t\t\t\t<div class=\"elementor-widget-container\">\n\t\t\t\t\t\t\t<div class=\"penci-fancy-heading penci-heading-text-center pc-fctline\">\n\t\t\t<div class=\"penci-fancy-heading-inner\">\n\t\t\t\t<h2 class=\"penci-heading-title\"><span class=\"inner-tit\">\u00dcber Mich<\/span><\/h2><div class=\"penci-heading-content entry-content\"><p>Hi, ich bin die Nina und hier findest du Rezepte, die von meiner Familie, meinem Heimatland \u00d6sterreich und den Orten und Menschen, die ich am meisten liebe, inspiriert sind.<\/p>\n<\/div>\t\t\t<\/div>\n\t\t<\/div>\n\t\t\t\t\t\t<\/div>\n\t\t\t\t<\/div>\n\t\t\t\t\t<\/div>\n\t\t<\/div>\n\t\t\t\t\t<\/div>\n\t\t<\/section>\n\t\t\t\t<section class=\"penci-section penci-disSticky penci-structure-10 elementor-section elementor-top-section elementor-element elementor-element-686c3690 elementor-section-boxed elementor-section-height-default elementor-section-height-default\" data-id=\"686c3690\" data-element_type=\"section\">\n\t\t\t\t\t\t<div class=\"elementor-container elementor-column-gap-no\">\n\t\t\t\t\t<div class=\"penci-ercol-100 penci-ercol-order-1 penci-sticky-ct    elementor-column elementor-col-100 elementor-top-column elementor-element elementor-element-65702a85\" data-id=\"65702a85\" data-element_type=\"column\">\n\t\t\t<div class=\"elementor-widget-wrap elementor-element-populated\">\n\t\t\t\t\t\t<section class=\"penci-section penci-disSticky penci-structure-10 elementor-section elementor-inner-section elementor-element elementor-element-10fb848 elementor-section-boxed elementor-section-height-default elementor-section-height-default\" data-id=\"10fb848\" data-element_type=\"section\">\n\t\t\t\t\t\t<div class=\"elementor-container elementor-column-gap-default\">\n\t\t\t\t\t<div class=\"penci-ercol-100 penci-ercol-order-1 penci-sticky-ct    elementor-column elementor-col-100 elementor-inner-column elementor-element elementor-element-41d87ce3\" data-id=\"41d87ce3\" data-element_type=\"column\">\n\t\t\t<div class=\"elementor-widget-wrap elementor-element-populated\">\n\t\t\t\t\t\t<div class=\"elementor-element elementor-element-54900d1 elementor-widget elementor-widget-image\" data-id=\"54900d1\" data-element_type=\"widget\" data-widget_type=\"image.default\">\n\t\t\t\t<div class=\"elementor-widget-container\">\n\t\t\t\t\t\t\t\t\t\t\t\t\t\t\t<img fetchpriority=\"high\" decoding=\"async\" width=\"1024\" height=\"683\" src=\"https:\/\/www.twosisterslivinglife.com\/wp-content\/uploads\/2023\/05\/KB_AntoniaNinaS018-1024x683.jpg\" class=\"attachment-large size-large wp-image-10608\" alt=\"\" srcset=\"https:\/\/www.twosisterslivinglife.com\/wp-content\/uploads\/2023\/05\/KB_AntoniaNinaS018-1024x683.jpg 1024w, https:\/\/www.twosisterslivinglife.com\/wp-content\/uploads\/2023\/05\/KB_AntoniaNinaS018-300x200.jpg 300w, https:\/\/www.twosisterslivinglife.com\/wp-content\/uploads\/2023\/05\/KB_AntoniaNinaS018-768x512.jpg 768w, https:\/\/www.twosisterslivinglife.com\/wp-content\/uploads\/2023\/05\/KB_AntoniaNinaS018-750x500.jpg 750w, https:\/\/www.twosisterslivinglife.com\/wp-content\/uploads\/2023\/05\/KB_AntoniaNinaS018-610x407.jpg 610w, https:\/\/www.twosisterslivinglife.com\/wp-content\/uploads\/2023\/05\/KB_AntoniaNinaS018-1170x780.jpg 1170w, https:\/\/www.twosisterslivinglife.com\/wp-content\/uploads\/2023\/05\/KB_AntoniaNinaS018-585x390.jpg 585w, https:\/\/www.twosisterslivinglife.com\/wp-content\/uploads\/2023\/05\/KB_AntoniaNinaS018-263x175.jpg 263w, https:\/\/www.twosisterslivinglife.com\/wp-content\/uploads\/2023\/05\/KB_AntoniaNinaS018.jpg 1200w\" sizes=\"(max-width: 1024px) 100vw, 1024px\" data-pin-url=\"https:\/\/www.twosisterslivinglife.com\/de\/ueber-uns-2\/?tp_image_id=10608\" \/>\t\t\t\t\t\t\t\t\t\t\t\t\t\t\t<\/div>\n\t\t\t\t<\/div>\n\t\t\t\t<div class=\"elementor-element elementor-element-79def8be elementor-widget elementor-widget-penci-text-block\" data-id=\"79def8be\" data-element_type=\"widget\" data-widget_type=\"penci-text-block.default\">\n\t\t\t\t<div class=\"elementor-widget-container\">\n\t\t\t\t\t\t\t<div class=\"penci-block-vc penci-text-editor\">\n\t\t\t\t\t\t<div class=\"penci-block_content\">\n\t\t\t\t<div class=\"elementor-text-editor elementor-clearfix\"><p>Hier dreht sich alles um Good Mood Food, welches immer mit viel Liebe zubereitet wird und ein wahrer Seelentr\u00f6ster ist, um das Leben in einem tief verwurzelten Familienclan \u00a0und um alles, was in und um die K\u00fcche herum passiert, welches f\u00fcr mich das pulsierende Herz des Hauses ist.<\/p><p>Urspr\u00fcnglich haben meine j\u00fcngere Schwester Antonia und ich &#8220;Two Sisters Living Life&#8221; im Jahr 2019 gemeinsam als Hobby gegr\u00fcndet, um unsere Rezepte und Reisen festzuhalten und gemeinsam kreativ zu sein.<\/p><p>In unserem ersten Jahr als Foodblogger haben Antonia und ich bereits 3 Preise bei den AFBA (Austrian Food Blog Awards) f\u00fcr unsere Rezepte und unseren Foodblog gewonnen, welches f\u00fcr mich einer der aufregendsten Momente in meinem Leben gewesen ist. Dieser Moment f\u00fcr etwas gemeinsam geehrt zu werden, das wir beide leidenschaftlich lieben, n\u00e4mlich Kochen und Backen \ud83d\ude42, wird mich mit meiner Schwester auf ewig und immer verbinden.<\/p><\/div>\n\t\t\t<\/div>\n\t\t<\/div>\n\t\t\t\t\t\t<\/div>\n\t\t\t\t<\/div>\n\t\t\t\t\t<\/div>\n\t\t<\/div>\n\t\t\t\t\t<\/div>\n\t\t<\/section>\n\t\t\t\t\t<\/div>\n\t\t<\/div>\n\t\t\t\t\t<\/div>\n\t\t<\/section>\n\t\t\t\t<section class=\"penci-section penci-disSticky penci-structure-50 elementor-section elementor-top-section elementor-element elementor-element-822474b elementor-section-boxed elementor-section-height-default elementor-section-height-default\" data-id=\"822474b\" data-element_type=\"section\">\n\t\t\t\t\t\t<div class=\"elementor-container elementor-column-gap-default\">\n\t\t\t\t\t<div class=\"penci-ercol-20 penci-ercol-order-1 penci-sticky-ct    elementor-column elementor-col-20 elementor-top-column elementor-element elementor-element-dbbf71f\" data-id=\"dbbf71f\" data-element_type=\"column\">\n\t\t\t<div class=\"elementor-widget-wrap\">\n\t\t\t\t\t\t\t<\/div>\n\t\t<\/div>\n\t\t\t\t<div class=\"penci-ercol-20 penci-ercol-order-2 penci-sticky-ct    elementor-column elementor-col-20 elementor-top-column elementor-element elementor-element-06f30d8\" data-id=\"06f30d8\" data-element_type=\"column\">\n\t\t\t<div class=\"elementor-widget-wrap elementor-element-populated\">\n\t\t\t\t\t\t<div class=\"elementor-element elementor-element-bf965a9 elementor-widget elementor-widget-image\" data-id=\"bf965a9\" data-element_type=\"widget\" data-widget_type=\"image.default\">\n\t\t\t\t<div class=\"elementor-widget-container\">\n\t\t\t\t\t\t\t\t\t\t\t\t\t\t\t<img decoding=\"async\" width=\"200\" height=\"294\" src=\"https:\/\/www.twosisterslivinglife.com\/wp-content\/uploads\/2019\/09\/newcomer2-e1643111143212.png\" class=\"attachment-large size-large wp-image-8749\" alt=\"\" data-pin-url=\"https:\/\/www.twosisterslivinglife.com\/de\/ueber-uns-2\/?tp_image_id=8749\" \/>\t\t\t\t\t\t\t\t\t\t\t\t\t\t\t<\/div>\n\t\t\t\t<\/div>\n\t\t\t\t\t<\/div>\n\t\t<\/div>\n\t\t\t\t<div class=\"penci-ercol-20 penci-ercol-order-3 penci-sticky-ct    elementor-column elementor-col-20 elementor-top-column elementor-element elementor-element-e27a541\" data-id=\"e27a541\" data-element_type=\"column\">\n\t\t\t<div class=\"elementor-widget-wrap elementor-element-populated\">\n\t\t\t\t\t\t<div class=\"elementor-element elementor-element-f94e7f0 elementor-widget elementor-widget-image\" data-id=\"f94e7f0\" data-element_type=\"widget\" data-widget_type=\"image.default\">\n\t\t\t\t<div class=\"elementor-widget-container\">\n\t\t\t\t\t\t\t\t\t\t\t\t\t\t\t<img decoding=\"async\" width=\"200\" height=\"294\" src=\"https:\/\/www.twosisterslivinglife.com\/wp-content\/uploads\/2019\/09\/instagram1-e1643111129625.png\" class=\"attachment-large size-large wp-image-8748\" alt=\"\" data-pin-url=\"https:\/\/www.twosisterslivinglife.com\/de\/ueber-uns-2\/?tp_image_id=8748\" \/>\t\t\t\t\t\t\t\t\t\t\t\t\t\t\t<\/div>\n\t\t\t\t<\/div>\n\t\t\t\t\t<\/div>\n\t\t<\/div>\n\t\t\t\t<div class=\"penci-ercol-20 penci-ercol-order-4 penci-sticky-ct    elementor-column elementor-col-20 elementor-top-column elementor-element elementor-element-a08a4b7\" data-id=\"a08a4b7\" data-element_type=\"column\">\n\t\t\t<div class=\"elementor-widget-wrap elementor-element-populated\">\n\t\t\t\t\t\t<div class=\"elementor-element elementor-element-8fc82a0 elementor-widget elementor-widget-image\" data-id=\"8fc82a0\" data-element_type=\"widget\" data-widget_type=\"image.default\">\n\t\t\t\t<div class=\"elementor-widget-container\">\n\t\t\t\t\t\t\t\t\t\t\t\t\t\t\t<img loading=\"lazy\" decoding=\"async\" width=\"200\" height=\"294\" src=\"https:\/\/www.twosisterslivinglife.com\/wp-content\/uploads\/2019\/09\/lebeliebebacke1-e1643111099951.png\" class=\"attachment-large size-large wp-image-8747\" alt=\"\" data-pin-url=\"https:\/\/www.twosisterslivinglife.com\/de\/ueber-uns-2\/?tp_image_id=8747\" \/>\t\t\t\t\t\t\t\t\t\t\t\t\t\t\t<\/div>\n\t\t\t\t<\/div>\n\t\t\t\t\t<\/div>\n\t\t<\/div>\n\t\t\t\t<div class=\"penci-ercol-20 penci-ercol-order-5 penci-sticky-ct    elementor-column elementor-col-20 elementor-top-column elementor-element elementor-element-1f9c5a1\" data-id=\"1f9c5a1\" data-element_type=\"column\">\n\t\t\t<div class=\"elementor-widget-wrap\">\n\t\t\t\t\t\t\t<\/div>\n\t\t<\/div>\n\t\t\t\t\t<\/div>\n\t\t<\/section>\n\t\t\t\t<section class=\"penci-section penci-disSticky penci-structure-10 elementor-section elementor-top-section elementor-element elementor-element-e4a7c0b elementor-section-boxed elementor-section-height-default elementor-section-height-default\" data-id=\"e4a7c0b\" data-element_type=\"section\">\n\t\t\t\t\t\t<div class=\"elementor-container elementor-column-gap-default\">\n\t\t\t\t\t<div class=\"penci-ercol-100 penci-ercol-order-1 penci-sticky-ct    elementor-column elementor-col-100 elementor-top-column elementor-element elementor-element-3b6a60d\" data-id=\"3b6a60d\" data-element_type=\"column\">\n\t\t\t<div class=\"elementor-widget-wrap elementor-element-populated\">\n\t\t\t\t\t\t<div class=\"elementor-element elementor-element-c94a8ea elementor-widget-divider--view-line elementor-widget elementor-widget-divider\" data-id=\"c94a8ea\" data-element_type=\"widget\" data-widget_type=\"divider.default\">\n\t\t\t\t<div class=\"elementor-widget-container\">\n\t\t\t\t\t\t\t<div class=\"elementor-divider\">\n\t\t\t<span class=\"elementor-divider-separator\">\n\t\t\t\t\t\t<\/span>\n\t\t<\/div>\n\t\t\t\t\t\t<\/div>\n\t\t\t\t<\/div>\n\t\t\t\t<div class=\"elementor-element elementor-element-10c829ea elementor-widget elementor-widget-penci-image-gallery\" data-id=\"10c829ea\" data-element_type=\"widget\" data-widget_type=\"penci-image-gallery.default\">\n\t\t\t\t<div class=\"elementor-widget-container\">\n\t\t\t\t\t        <div data-sliderid=\"2656\" id=\"penci-image_gallery_2656\"\n             class=\"penci-block-vc penci-image-gallery penci-image-gallery-s1 pencisc-grid-2 pencisc-grid-tablet-2 pencisc-grid-mobile-1\">\n\t\t\t            <div class=\"penci-block_content  pencisc-grid\">\n\t\t\t\t                <div class=\"penci-gallery-item penci-galitem-1\">\n                    <a  data-bgset=\"https:\/\/www.twosisterslivinglife.com\/wp-content\/uploads\/2023\/05\/4X2A5512-1-768x1152.jpg\" class=\"penci-lazy penci-gallery-ite penci-image-holder\"\n                       href=\"https:\/\/www.twosisterslivinglife.com\/wp-content\/uploads\/2023\/05\/4X2A5512-1-1170x1755.jpg\" >\n\t\t\t\t\t\t                                                <i class=\"penciicon-expand\"><\/i>\n                    <\/a>\n                <\/div>\n\t\t\t\t                <div class=\"penci-gallery-item penci-galitem-2\">\n                    <a  data-bgset=\"https:\/\/www.twosisterslivinglife.com\/wp-content\/uploads\/2023\/05\/IMG_6827-1-768x1152.jpg\" class=\"penci-lazy penci-gallery-ite penci-image-holder\"\n                       href=\"https:\/\/www.twosisterslivinglife.com\/wp-content\/uploads\/2023\/05\/IMG_6827-1-1170x1755.jpg\" >\n\t\t\t\t\t\t                                                <i class=\"penciicon-expand\"><\/i>\n                    <\/a>\n                <\/div>\n\t\t\t\t            <\/div>\n        <\/div>\n\t\t\t\t\t\t<\/div>\n\t\t\t\t<\/div>\n\t\t\t\t\t<\/div>\n\t\t<\/div>\n\t\t\t\t\t<\/div>\n\t\t<\/section>\n\t\t\t\t<section class=\"penci-section penci-disSticky penci-structure-10 elementor-section elementor-top-section elementor-element elementor-element-c7bf4be elementor-section-boxed elementor-section-height-default elementor-section-height-default\" data-id=\"c7bf4be\" data-element_type=\"section\">\n\t\t\t\t\t\t<div class=\"elementor-container elementor-column-gap-no\">\n\t\t\t\t\t<div class=\"penci-ercol-100 penci-ercol-order-1 penci-sticky-ct    elementor-column elementor-col-100 elementor-top-column elementor-element elementor-element-b30ce9a\" data-id=\"b30ce9a\" data-element_type=\"column\">\n\t\t\t<div class=\"elementor-widget-wrap elementor-element-populated\">\n\t\t\t\t\t\t<section class=\"penci-section penci-disSticky penci-structure-10 elementor-section elementor-inner-section elementor-element elementor-element-1144732 elementor-section-boxed elementor-section-height-default elementor-section-height-default\" data-id=\"1144732\" data-element_type=\"section\">\n\t\t\t\t\t\t<div class=\"elementor-container elementor-column-gap-default\">\n\t\t\t\t\t<div class=\"penci-ercol-100 penci-ercol-order-1 penci-sticky-ct    elementor-column elementor-col-100 elementor-inner-column elementor-element elementor-element-069e69f\" data-id=\"069e69f\" data-element_type=\"column\">\n\t\t\t<div class=\"elementor-widget-wrap elementor-element-populated\">\n\t\t\t\t\t\t<div class=\"elementor-element elementor-element-b702b0a elementor-widget elementor-widget-penci-text-block\" data-id=\"b702b0a\" data-element_type=\"widget\" data-widget_type=\"penci-text-block.default\">\n\t\t\t\t<div class=\"elementor-widget-container\">\n\t\t\t\t\t\t\t<div class=\"penci-block-vc penci-text-editor\">\n\t\t\t\t\t\t<div class=\"penci-block_content\">\n\t\t\t\t<div class=\"elementor-text-editor elementor-clearfix\"><p>Ich werde meiner Schwester immer dankbar sein, dass sie mich mit dem kreativen und chaotischen Leben eines Foodbloggers und der Fotografie bekannt gemacht hat.<\/p><p>Leider verlor meine Schwester im Jahr 2021 den Funken und die Leidenschaft f\u00fcr unseren Blog und fand einfach interessantere Dinge im Leben, die ihre Augen zum Leuchten und ihr Herz zum Brennen brachten.<\/p><p>Ich stamme aus einer 5-k\u00f6pfigen Familie und gemeinsame Mittag- oder Abendessen waren schon immer Dinge, die wir in unserem Zuhause mit unseren Eltern zelebrierten.<\/p><p>Als ich 15 Jahre alt war, er\u00f6ffneten meine Eltern ihr eigenes Unternehmen, was bedeutete, dass ich als \u00c4lteste zu Hause f\u00fcr meine Geschwister kochen, auf meinen j\u00fcngeren Bruder aufpassen und bei der Erziehung meiner einj\u00e4hrigen kleinen Schwester helfen musste.<\/p><p>Nicht jedes Gericht, das ich in diesem Alter kochte, war ein Gewinner, aber ich liebte es, in der K\u00fcche mit den Zutaten, die ich zur Hand hatte, kreativ zu sein.<\/p><\/div>\n\t\t\t<\/div>\n\t\t<\/div>\n\t\t\t\t\t\t<\/div>\n\t\t\t\t<\/div>\n\t\t\t\t\t<\/div>\n\t\t<\/div>\n\t\t\t\t\t<\/div>\n\t\t<\/section>\n\t\t\t\t<div class=\"elementor-element elementor-element-b9c7723 elementor-widget-divider--view-line elementor-widget elementor-widget-divider\" data-id=\"b9c7723\" data-element_type=\"widget\" data-widget_type=\"divider.default\">\n\t\t\t\t<div class=\"elementor-widget-container\">\n\t\t\t\t\t\t\t<div class=\"elementor-divider\">\n\t\t\t<span class=\"elementor-divider-separator\">\n\t\t\t\t\t\t<\/span>\n\t\t<\/div>\n\t\t\t\t\t\t<\/div>\n\t\t\t\t<\/div>\n\t\t\t\t<div class=\"elementor-element elementor-element-af08be5 elementor-widget elementor-widget-spacer\" data-id=\"af08be5\" data-element_type=\"widget\" data-widget_type=\"spacer.default\">\n\t\t\t\t<div class=\"elementor-widget-container\">\n\t\t\t\t\t\t\t<div class=\"elementor-spacer\">\n\t\t\t<div class=\"elementor-spacer-inner\"><\/div>\n\t\t<\/div>\n\t\t\t\t\t\t<\/div>\n\t\t\t\t<\/div>\n\t\t\t\t\t<\/div>\n\t\t<\/div>\n\t\t\t\t\t<\/div>\n\t\t<\/section>\n\t\t\t\t<section class=\"penci-section penci-disSticky penci-structure-21 elementor-section elementor-top-section elementor-element elementor-element-76cc2d2 elementor-section-boxed elementor-section-height-default elementor-section-height-default\" data-id=\"76cc2d2\" data-element_type=\"section\">\n\t\t\t\t\t\t<div class=\"elementor-container elementor-column-gap-default\">\n\t\t\t\t\t<div class=\"penci-ercol-33 penci-ercol-order-1 penci-sticky-sb penci-sidebarSC   elementor-column elementor-col-33 elementor-top-column elementor-element elementor-element-a89aa12\" data-id=\"a89aa12\" data-element_type=\"column\">\n\t\t\t<div class=\"elementor-widget-wrap elementor-element-populated\">\n\t\t\t\t\t\t<div class=\"elementor-element elementor-element-08ad13b elementor-widget elementor-widget-image\" data-id=\"08ad13b\" data-element_type=\"widget\" data-widget_type=\"image.default\">\n\t\t\t\t<div class=\"elementor-widget-container\">\n\t\t\t\t\t\t\t\t\t\t\t\t\t\t\t<img loading=\"lazy\" decoding=\"async\" width=\"640\" height=\"640\" src=\"https:\/\/www.twosisterslivinglife.com\/wp-content\/uploads\/2023\/05\/Shortlisted.png\" class=\"attachment-large size-large wp-image-10610\" alt=\"\" srcset=\"https:\/\/www.twosisterslivinglife.com\/wp-content\/uploads\/2023\/05\/Shortlisted.png 640w, https:\/\/www.twosisterslivinglife.com\/wp-content\/uploads\/2023\/05\/Shortlisted-300x300.png 300w, https:\/\/www.twosisterslivinglife.com\/wp-content\/uploads\/2023\/05\/Shortlisted-150x150.png 150w, https:\/\/www.twosisterslivinglife.com\/wp-content\/uploads\/2023\/05\/Shortlisted-530x530.png 530w, https:\/\/www.twosisterslivinglife.com\/wp-content\/uploads\/2023\/05\/Shortlisted-500x500.png 500w, https:\/\/www.twosisterslivinglife.com\/wp-content\/uploads\/2023\/05\/Shortlisted-610x610.png 610w, https:\/\/www.twosisterslivinglife.com\/wp-content\/uploads\/2023\/05\/Shortlisted-585x585.png 585w\" sizes=\"(max-width: 640px) 100vw, 640px\" data-pin-url=\"https:\/\/www.twosisterslivinglife.com\/de\/ueber-uns-2\/?tp_image_id=10610\" \/>\t\t\t\t\t\t\t\t\t\t\t\t\t\t\t<\/div>\n\t\t\t\t<\/div>\n\t\t\t\t\t<\/div>\n\t\t<\/div>\n\t\t\t\t<div class=\"penci-ercol-66 penci-ercol-order-2 penci-sticky-ct    elementor-column elementor-col-66 elementor-top-column elementor-element elementor-element-5dc21b7\" data-id=\"5dc21b7\" data-element_type=\"column\">\n\t\t\t<div class=\"elementor-widget-wrap elementor-element-populated\">\n\t\t\t\t\t\t<div class=\"elementor-element elementor-element-7133a86 elementor-widget elementor-widget-penci-text-block\" data-id=\"7133a86\" data-element_type=\"widget\" data-widget_type=\"penci-text-block.default\">\n\t\t\t\t<div class=\"elementor-widget-container\">\n\t\t\t\t\t\t\t<div class=\"penci-block-vc penci-text-editor\">\n\t\t\t\t\t\t<div class=\"penci-block_content\">\n\t\t\t\t<div class=\"elementor-text-editor elementor-clearfix\"><p>Als Antonia \u00e4lter wurde, fing sie an, mir in der K\u00fcche zu helfen, und gemeinsam verbrachten wir viel Zeit in der K\u00fcche, um zu backen, zu kochen, \u00fcber Probleme zu reden und uns als Schwestern zu verstehen.<\/p><p>Deshalb glaube ich dass: Die K\u00fcche das pulsierende Herz eines jeden Hauses ist, Chaos das Leben \u00a0interessanter macht und die Familie der Ort, zu dem ich geh\u00f6re.<\/p><p>Heute lebe ich in einer umgebauten Heuscheune zusammen mit meinen 2 lustigen, liebenswerten, eigenwilligen Kindern \ud83d\ude09 , 2 verruchten Katzen und unserem treuen, s\u00fc\u00dfen Hund.<\/p><p>Ich bin eine sehr organisierte Person mit einem sehr chaotischen Leben. Oh nein&#8230; tut mir leid, da habe jetzt was verwechselt: Ich bin chaotisch und muss mein Leben sehr gut organisieren, um unterwegs nicht auf etwas zu vergessen \ud83d\ude09.<\/p><p>Wie ihr bereits wisst, habe ich schon immer gerne gut gegessen, wie man an meinen &#8220;sanften&#8221; Kurven sehen kann. Aber ich habe auch noch eine zweite Leidenschaft, n\u00e4mlich die Fotografie.<br \/>Wenn ich also nicht gerade in meiner K\u00fcche experimentiere, jage ich dem Licht hinterher, und mache Bilder von allem, was ich interessant und erforschenswert finde. F\u00fcr mehr Infos \u00fcber meine Fotografie besuche meine andere Website: ninastangl.at<\/p><\/div>\n\t\t\t<\/div>\n\t\t<\/div>\n\t\t\t\t\t\t<\/div>\n\t\t\t\t<\/div>\n\t\t\t\t\t<\/div>\n\t\t<\/div>\n\t\t\t\t\t<\/div>\n\t\t<\/section>\n\t\t\t\t<\/div>\n\t\t","protected":false},"excerpt":{"rendered":"<p>\u00dcber Mich Hi, ich bin die Nina und hier findest du Rezepte, die von meiner Familie, meinem Heimatland \u00d6sterreich und den Orten und Menschen, die ich am meisten liebe, inspiriert sind. Hier dreht sich alles um Good Mood Food, welches&hellip;<\/p>\n","protected":false},"author":4,"featured_media":0,"parent":0,"menu_order":0,"comment_status":"closed","ping_status":"closed","template":"","meta":{"_lmt_disableupdate":"","_lmt_disable":"","footnotes":""},"class_list":["post-11135","page","type-page","status-publish","hentry"],"_links":{"self":[{"href":"https:\/\/www.twosisterslivinglife.com\/de\/wp-json\/wp\/v2\/pages\/11135","targetHints":{"allow":["GET"]}}],"collection":[{"href":"https:\/\/www.twosisterslivinglife.com\/de\/wp-json\/wp\/v2\/pages"}],"about":[{"href":"https:\/\/www.twosisterslivinglife.com\/de\/wp-json\/wp\/v2\/types\/page"}],"author":[{"embeddable":true,"href":"https:\/\/www.twosisterslivinglife.com\/de\/wp-json\/wp\/v2\/users\/4"}],"replies":[{"embeddable":true,"href":"https:\/\/www.twosisterslivinglife.com\/de\/wp-json\/wp\/v2\/comments?post=11135"}],"version-history":[{"count":13,"href":"https:\/\/www.twosisterslivinglife.com\/de\/wp-json\/wp\/v2\/pages\/11135\/revisions"}],"predecessor-version":[{"id":11316,"href":"https:\/\/www.twosisterslivinglife.com\/de\/wp-json\/wp\/v2\/pages\/11135\/revisions\/11316"}],"wp:attachment":[{"href":"https:\/\/www.twosisterslivinglife.com\/de\/wp-json\/wp\/v2\/media?parent=11135"}],"curies":[{"name":"wp","href":"https:\/\/api.w.org\/{rel}","templated":true}]}}