{"id":10051,"date":"2023-01-21T20:09:35","date_gmt":"2023-01-21T19:09:35","guid":{"rendered":"https:\/\/www.twosisterslivinglife.com\/rechtliche-informationen\/"},"modified":"2023-01-21T20:09:35","modified_gmt":"2023-01-21T19:09:35","slug":"rechtliche-informationen","status":"publish","type":"page","link":"https:\/\/www.twosisterslivinglife.com\/de\/rechtliche-informationen\/","title":{"rendered":"Rechtliche Informationen"},"content":{"rendered":"<p>[vc_row][vc_column][vc_column_text]<\/p>\n<h2>Urheberrechtshinweis<\/h2>\n<p>Alle Inhalte, insbesondere Texte, Fotos und Grafiken, sind urheberrechtlich gesch\u00fctzt. Alle Rechte, auch die der Vervielf\u00e4ltigung, Ver\u00f6ffentlichung, Bearbeitung und \u00dcbersetzung, sind uns vorbehalten.<\/p>\n<p>&nbsp;<\/p>\n<h2>Datenschutzbestimmungen<\/h2>\n<p>Der Schutz Ihrer pers\u00f6nlichen Daten ist uns ein besonderes Anliegen. Wir verarbeiten Ihre Daten daher ausschlie\u00dflich auf Basis der gesetzlichen Bestimmungen (DSGVO, TKG 2003). In dieser Datenschutzinformation informieren wir Sie \u00fcber die wichtigsten Aspekte der Datenverarbeitung im Rahmen unserer Website.<\/p>\n<p>Kontaktaufnahme mit uns<\/p>\n<p>Wenn Sie per Formular auf der Website oder per E-Mail Kontakt mit uns aufnehmen, werden Ihre angegebenen Daten zwecks Bearbeitung der Anfrage und f\u00fcr den Fall von Anschlussfragen sechs Monate bei uns gespeichert. Diese Daten werden nicht ohne Ihre Zustimmung weitergegeben.<\/p>\n<p>Cookies<\/p>\n<p>Unsere Website verwendet sogenannte Cookies. Dies sind kleine Textdateien, die mit Hilfe des Browsers auf Ihrem Endger\u00e4t gespeichert werden. Sie verursachen keine Sch\u00e4den.<br \/>\nWir verwenden Cookies, um unsere Website benutzerfreundlich zu gestalten. Einige Cookies bleiben auf Ihrem Endger\u00e4t gespeichert, bis Sie sie l\u00f6schen. Sie erm\u00f6glichen es uns, Ihren Browser bei Ihrem n\u00e4chsten Besuch zu erkennen.<br \/>\nWenn Sie dies nicht w\u00fcnschen, k\u00f6nnen Sie Ihren Browser so einstellen, dass er Sie \u00fcber das Setzen von Cookies informiert und Sie dies nur im Einzelfall erlauben.<\/p>\n<p>Bei der Deaktivierung von Cookies kann die Funktionalit\u00e4t unserer Website eingeschr\u00e4nkt sein.<\/p>\n<p>Speicherung von Zugangsdaten und Protokolldateien<\/p>\n<p>Auf der Grundlage unserer berechtigten Interessen im Sinne des Art. 6 Abs.. 1 lit. f. erhebt unser Webspace-Provider die folgenden Daten DSGVO erhebt umfangreiche Daten \u00fcber jeden Zugriff auf den Server, auf dem sich dieser Dienst befindet (sog. Serverlogfiles):<\/p>\n<p>IP, Verzeichnisschutzbenutzer, Datum, Uhrzeit, aufgerufene Seiten, Protokolle, Statuscode, Datenvolumen, Referrer, User Agent, aufgerufener Hostname.<\/p>\n<p>Die IP-Adressen werden anonymisiert gespeichert. Zu diesem Zweck werden die letzten drei Ziffern entfernt.<\/p>\n<p>Logfile-Informationen werden aus Sicherheitsgr\u00fcnden (z.B. zur Aufkl\u00e4rung von Missbrauch oder Betrug) f\u00fcr maximal sieben Tage gespeichert und dann gel\u00f6scht.<\/p>\n<p>External fonts from Google, LLC..,<\/p>\n<p>https:\/\/www.google.com\/fonts (&#8220;Google Fonts&#8221;). Die Google Fonts werden durch einen Serveraufruf bei Google (meist in den USA) eingebunden. Datenschutzbestimmungen.<\/p>\n<p>Cookie-Zustimmung<\/p>\n<p>Auf unserer Seite wird der Java Script Code der Firma Silktide LTD, Brunel Parkway, Pride Park verwendet,<br \/>\nDE24 8HR, United Kingdom (hereinafter: Cookie Consent).<br \/>\nWenn Sie Ihren Browser eingegeben haben<br \/>\nJava-Script aktiviert ist und kein Java-Script-Blocker installiert ist, funktioniert Ihr Browser m\u00f6glicherweise nicht richtig.<br \/>\npersonenbezogene Daten an Cookie Consent. Weitere Informationen finden Sie in der<br \/>\nCookie-Zustimmung Datenschutzrichtlinie: https:\/\/CookieConsent.com\/privacy-policy\/.<\/p>\n<p>Um zu verhindern, dass Cookie Consent Java-Script-Code als Ganzes ausf\u00fchrt, k\u00f6nnen Sie einen JavaScript-Blocker installieren (z. B. www.noscript.net).<br \/>\nIhre Rechte<\/p>\n<p>Es stehen Ihnen grunds\u00e4tzlich die Rechte auf Auskunft, Berichtigung, L\u00f6schung, Einschr\u00e4nkung, Daten\u00fcbertragbarkeit, Widerruf und Widerspruch zu. Wenn Sie der Meinung sind, dass die Verarbeitung Ihrer Daten gegen das Datenschutzrecht verst\u00f6\u00dft oder Ihre datenschutzrechtlichen Anspr\u00fcche sonst in irgendeiner Weise verletzt wurden, k\u00f6nnen Sie sich bei der Aufsichtsbeh\u00f6rde beschweren. In \u00d6sterreich ist dies die Datenschutzbeh\u00f6rde.<\/p>\n<p>Sie k\u00f6nnen uns unter den folgenden Kontaktdaten erreichen:<\/p>\n<p>Nina Stangl<br \/>\noffice@twosisterslivinglife.com<\/p>\n<p>8010 Graz\/Austria<br \/>\nAus Gr\u00fcnden des Datenschutzes beh\u00e4lt sich der Inhaber dieser Website das Recht vor, seine Adresse nur auf Anfrage weiterzugeben.[\/vc_column_text][\/vc_column][\/vc_row]<\/p>\n","protected":false},"excerpt":{"rendered":"","protected":false},"author":1,"featured_media":0,"parent":0,"menu_order":0,"comment_status":"closed","ping_status":"closed","template":"","meta":{"_lmt_disableupdate":"","_lmt_disable":"","footnotes":""},"class_list":["post-10051","page","type-page","status-publish","hentry"],"_links":{"self":[{"href":"https:\/\/www.twosisterslivinglife.com\/de\/wp-json\/wp\/v2\/pages\/10051","targetHints":{"allow":["GET"]}}],"collection":[{"href":"https:\/\/www.twosisterslivinglife.com\/de\/wp-json\/wp\/v2\/pages"}],"about":[{"href":"https:\/\/www.twosisterslivinglife.com\/de\/wp-json\/wp\/v2\/types\/page"}],"author":[{"embeddable":true,"href":"https:\/\/www.twosisterslivinglife.com\/de\/wp-json\/wp\/v2\/users\/1"}],"replies":[{"embeddable":true,"href":"https:\/\/www.twosisterslivinglife.com\/de\/wp-json\/wp\/v2\/comments?post=10051"}],"version-history":[{"count":2,"href":"https:\/\/www.twosisterslivinglife.com\/de\/wp-json\/wp\/v2\/pages\/10051\/revisions"}],"predecessor-version":[{"id":10053,"href":"https:\/\/www.twosisterslivinglife.com\/de\/wp-json\/wp\/v2\/pages\/10051\/revisions\/10053"}],"wp:attachment":[{"href":"https:\/\/www.twosisterslivinglife.com\/de\/wp-json\/wp\/v2\/media?parent=10051"}],"curies":[{"name":"wp","href":"https:\/\/api.w.org\/{rel}","templated":true}]}}