{"id":10041,"date":"2023-01-21T19:50:06","date_gmt":"2023-01-21T18:50:06","guid":{"rendered":"https:\/\/www.twosisterslivinglife.com\/ueber-uns\/zusammenarbeit-mit-uns\/"},"modified":"2023-09-30T19:32:58","modified_gmt":"2023-09-30T17:32:58","slug":"zusammenarbeit-mit-uns","status":"publish","type":"page","link":"https:\/\/www.twosisterslivinglife.com\/de\/zusammenarbeit-mit-uns\/","title":{"rendered":"Zusammenarbeit mit uns"},"content":{"rendered":"\t\t<div data-elementor-type=\"wp-page\" data-elementor-id=\"10041\" class=\"elementor elementor-10041 elementor-4203\">\n\t\t\t\t\t\t<section class=\"penci-section penci-dmcheck penci-elbg-activate penci-disSticky penci-structure-10 elementor-section elementor-top-section elementor-element elementor-element-28f7fb33 elementor-section-boxed elementor-section-height-default elementor-section-height-default\" data-id=\"28f7fb33\" data-element_type=\"section\" data-settings=\"{&quot;background_background&quot;:&quot;classic&quot;,&quot;shape_divider_bottom&quot;:&quot;waves&quot;}\">\n\t\t\t\t\t<div class=\"elementor-shape elementor-shape-bottom\" aria-hidden=\"true\" data-negative=\"false\">\n\t\t\t<svg xmlns=\"http:\/\/www.w3.org\/2000\/svg\" viewBox=\"0 0 1000 100\" preserveAspectRatio=\"none\">\n\t<path class=\"elementor-shape-fill\" d=\"M421.9,6.5c22.6-2.5,51.5,0.4,75.5,5.3c23.6,4.9,70.9,23.5,100.5,35.7c75.8,32.2,133.7,44.5,192.6,49.7\n\tc23.6,2.1,48.7,3.5,103.4-2.5c54.7-6,106.2-25.6,106.2-25.6V0H0v30.3c0,0,72,32.6,158.4,30.5c39.2-0.7,92.8-6.7,134-22.4\n\tc21.2-8.1,52.2-18.2,79.7-24.2C399.3,7.9,411.6,7.5,421.9,6.5z\"\/>\n<\/svg>\t\t<\/div>\n\t\t\t\t\t<div class=\"elementor-container elementor-column-gap-no\">\n\t\t\t\t\t<div class=\"penci-ercol-100 penci-ercol-order-1 penci-sticky-ct    elementor-column elementor-col-100 elementor-top-column elementor-element elementor-element-3a69e1d\" data-id=\"3a69e1d\" data-element_type=\"column\">\n\t\t\t<div class=\"elementor-widget-wrap elementor-element-populated\">\n\t\t\t\t\t\t<div class=\"elementor-element elementor-element-23153552 elementor-widget elementor-widget-penci-fancy_heading\" data-id=\"23153552\" data-element_type=\"widget\" data-widget_type=\"penci-fancy_heading.default\">\n\t\t\t\t<div class=\"elementor-widget-container\">\n\t\t\t\t\t\t\t<div class=\"penci-fancy-heading penci-heading-text-center\">\n\t\t\t<div class=\"penci-fancy-heading-inner\">\n\t\t\t\t<h2 class=\"penci-heading-title\"><span class=\"inner-tit\">Sie m\u00f6chten mit mir zusammenarbeiten?<\/span><\/h2><div class=\"penci-heading-subtitle\">Gro\u00dfartig, kontaktieren Sie mich. Ich w\u00fcrde gerne mehr \u00fcber Ihre Ziele erfahren und sehen, wie wir zusammenarbeiten k\u00f6nnen.<\/div>\t\t\t<\/div>\n\t\t<\/div>\n\t\t\t\t\t\t<\/div>\n\t\t\t\t<\/div>\n\t\t\t\t\t<\/div>\n\t\t<\/div>\n\t\t\t\t\t<\/div>\n\t\t<\/section>\n\t\t\t\t<section class=\"penci-section penci-disSticky penci-structure-20 elementor-section elementor-top-section elementor-element elementor-element-40d6653b elementor-section-content-middle elementor-section-boxed elementor-section-height-default elementor-section-height-default\" data-id=\"40d6653b\" data-element_type=\"section\">\n\t\t\t\t\t\t<div class=\"elementor-container elementor-column-gap-no\">\n\t\t\t\t\t<div class=\"penci-ercol-50 penci-ercol-order-1 penci-sticky-ct    elementor-column elementor-col-50 elementor-top-column elementor-element elementor-element-3ee77ef2\" data-id=\"3ee77ef2\" data-element_type=\"column\">\n\t\t\t<div class=\"elementor-widget-wrap elementor-element-populated\">\n\t\t\t\t\t\t<div class=\"elementor-element elementor-element-107fe439 elementor-widget elementor-widget-image\" data-id=\"107fe439\" data-element_type=\"widget\" data-widget_type=\"image.default\">\n\t\t\t\t<div class=\"elementor-widget-container\">\n\t\t\t\t\t\t\t\t\t\t\t\t\t\t\t<img fetchpriority=\"high\" decoding=\"async\" width=\"1024\" height=\"683\" src=\"https:\/\/www.twosisterslivinglife.com\/wp-content\/uploads\/2023\/05\/Food22-1-2-1024x683.jpg\" class=\"attachment-large size-large wp-image-11098\" alt=\"\" srcset=\"https:\/\/www.twosisterslivinglife.com\/wp-content\/uploads\/2023\/05\/Food22-1-2-1024x683.jpg 1024w, https:\/\/www.twosisterslivinglife.com\/wp-content\/uploads\/2023\/05\/Food22-1-2-300x200.jpg 300w, https:\/\/www.twosisterslivinglife.com\/wp-content\/uploads\/2023\/05\/Food22-1-2-768x512.jpg 768w, https:\/\/www.twosisterslivinglife.com\/wp-content\/uploads\/2023\/05\/Food22-1-2-1536x1024.jpg 1536w, https:\/\/www.twosisterslivinglife.com\/wp-content\/uploads\/2023\/05\/Food22-1-2-750x500.jpg 750w, https:\/\/www.twosisterslivinglife.com\/wp-content\/uploads\/2023\/05\/Food22-1-2-610x407.jpg 610w, https:\/\/www.twosisterslivinglife.com\/wp-content\/uploads\/2023\/05\/Food22-1-2-1920x1280.jpg 1920w, https:\/\/www.twosisterslivinglife.com\/wp-content\/uploads\/2023\/05\/Food22-1-2-1170x780.jpg 1170w, https:\/\/www.twosisterslivinglife.com\/wp-content\/uploads\/2023\/05\/Food22-1-2-585x390.jpg 585w, https:\/\/www.twosisterslivinglife.com\/wp-content\/uploads\/2023\/05\/Food22-1-2-263x175.jpg 263w, https:\/\/www.twosisterslivinglife.com\/wp-content\/uploads\/2023\/05\/Food22-1-2.jpg 2048w\" sizes=\"(max-width: 1024px) 100vw, 1024px\" data-pin-url=\"https:\/\/www.twosisterslivinglife.com\/de\/zusammenarbeit-mit-uns\/?tp_image_id=11098\" \/>\t\t\t\t\t\t\t\t\t\t\t\t\t\t\t<\/div>\n\t\t\t\t<\/div>\n\t\t\t\t\t<\/div>\n\t\t<\/div>\n\t\t\t\t<div class=\"penci-ercol-50 penci-ercol-order-2 penci-sticky-ct  penci-dmcheck penci-elbg-activate  elementor-column elementor-col-50 elementor-top-column elementor-element elementor-element-18a78533\" data-id=\"18a78533\" data-element_type=\"column\" data-settings=\"{&quot;background_background&quot;:&quot;classic&quot;}\">\n\t\t\t<div class=\"elementor-widget-wrap elementor-element-populated\">\n\t\t\t\t\t\t<div class=\"elementor-element elementor-element-1df3d6de elementor-widget elementor-widget-penci-fancy_heading\" data-id=\"1df3d6de\" data-element_type=\"widget\" data-widget_type=\"penci-fancy_heading.default\">\n\t\t\t\t<div class=\"elementor-widget-container\">\n\t\t\t\t\t\t\t<div class=\"penci-fancy-heading penci-heading-text-left\">\n\t\t\t<div class=\"penci-fancy-heading-inner\">\n\t\t\t\t<h2 class=\"penci-heading-title\"><span class=\"inner-tit\">Food Fotografie, Styling & Videografie<\/span><\/h2><div class=\"penci-heading-content entry-content\"><p>- Ich kreiere Content f\u00fcr soziale Medien und Webseiten (Fotografie und Videografie f\u00fcr TikTok oder Instagram Reels und mehr), f\u00fcr Lebensmittel- und Getr\u00e4nkemarken, Restaurants, Caf\u00e9s oder andere lebensmittelverwandte Unternehmen.<\/p>\n<p>- Ich biete Halbtags- oder Ganztags Shootings f\u00fcr Restaurants, Caf\u00e9s, B\u00e4ckereien und Hotels an.<\/p>\n<p>- Fotografiere f\u00fcr Kochb\u00fccher, Zeitschriften und Blogs (einschlie\u00dflich Kochen, Styling und Fotografieren der Gerichte)<\/p>\n<p>- Produktfotografie<\/p>\n<p>Weitere Informationen \u00fcber meine fotografische Arbeit finden Sie unter <a href=\"https:\/\/www.ninastangl.at\" target=\"_blank\" rel=\"noopener\">www.ninastangl.at<\/a><\/p>\n<\/div>\t\t\t<\/div>\n\t\t<\/div>\n\t\t\t\t\t\t<\/div>\n\t\t\t\t<\/div>\n\t\t\t\t<div class=\"elementor-element elementor-element-48fd26f elementor-align-left elementor-widget elementor-widget-button\" data-id=\"48fd26f\" data-element_type=\"widget\" data-widget_type=\"button.default\">\n\t\t\t\t<div class=\"elementor-widget-container\">\n\t\t\t\t\t\t\t\t\t<div class=\"elementor-button-wrapper\">\n\t\t\t\t\t<a class=\"elementor-button elementor-button-link elementor-size-lg elementor-animation-pulse-grow\" href=\"https:\/\/www.twosisterslivinglife.com\/de\/kontakt-2\/\">\n\t\t\t\t\t\t<span class=\"elementor-button-content-wrapper\">\n\t\t\t\t\t\t\t\t\t<span class=\"elementor-button-text\">Kontakitiern Sie mich<\/span>\n\t\t\t\t\t<\/span>\n\t\t\t\t\t<\/a>\n\t\t\t\t<\/div>\n\t\t\t\t\t\t\t\t<\/div>\n\t\t\t\t<\/div>\n\t\t\t\t\t<\/div>\n\t\t<\/div>\n\t\t\t\t\t<\/div>\n\t\t<\/section>\n\t\t\t\t<section class=\"penci-section penci-disSticky penci-structure-20 elementor-section elementor-top-section elementor-element elementor-element-1a040648 elementor-section-content-middle elementor-section-boxed elementor-section-height-default elementor-section-height-default\" data-id=\"1a040648\" data-element_type=\"section\">\n\t\t\t\t\t\t<div class=\"elementor-container elementor-column-gap-no\">\n\t\t\t\t\t<div class=\"penci-ercol-50 penci-ercol-order-1 penci-sticky-ct  penci-dmcheck penci-elbg-activate  elementor-column elementor-col-50 elementor-top-column elementor-element elementor-element-3a5836ed\" data-id=\"3a5836ed\" data-element_type=\"column\" data-settings=\"{&quot;background_background&quot;:&quot;classic&quot;}\">\n\t\t\t<div class=\"elementor-widget-wrap elementor-element-populated\">\n\t\t\t\t\t\t<div class=\"elementor-element elementor-element-38157cb elementor-widget elementor-widget-penci-fancy_heading\" data-id=\"38157cb\" data-element_type=\"widget\" data-widget_type=\"penci-fancy_heading.default\">\n\t\t\t\t<div class=\"elementor-widget-container\">\n\t\t\t\t\t\t\t<div class=\"penci-fancy-heading penci-heading-text-left\">\n\t\t\t<div class=\"penci-fancy-heading-inner\">\n\t\t\t\t<h2 class=\"penci-heading-title\"><span class=\"inner-tit\">Rezepte kreieren f\u00fcr Blogger und Firmen<\/span><\/h2><div class=\"penci-heading-content entry-content\"><p>Brauchen Sie Hilfe beim Kreieren von s\u00fc\u00dfen oder herzhaften Rezepten? Ich liebe es, in der K\u00fcche zu stehen und neue Rezepte zu kreieren. <\/p>\n<p>Also, was auch immer Sie brauchen, lassen Sie es mich in einem Gespr\u00e4ch herausfinden, wie ich Ihnen helfen kann.<\/p>\n<\/div>\t\t\t<\/div>\n\t\t<\/div>\n\t\t\t\t\t\t<\/div>\n\t\t\t\t<\/div>\n\t\t\t\t<div class=\"elementor-element elementor-element-697396d5 elementor-align-left elementor-widget elementor-widget-button\" data-id=\"697396d5\" data-element_type=\"widget\" data-widget_type=\"button.default\">\n\t\t\t\t<div class=\"elementor-widget-container\">\n\t\t\t\t\t\t\t\t\t<div class=\"elementor-button-wrapper\">\n\t\t\t\t\t<a class=\"elementor-button elementor-button-link elementor-size-lg elementor-animation-pulse-grow\" href=\"https:\/\/www.twosisterslivinglife.com\/de\/kontakt-2\/\">\n\t\t\t\t\t\t<span class=\"elementor-button-content-wrapper\">\n\t\t\t\t\t\t\t\t\t<span class=\"elementor-button-text\"> Buchen Sie mich<\/span>\n\t\t\t\t\t<\/span>\n\t\t\t\t\t<\/a>\n\t\t\t\t<\/div>\n\t\t\t\t\t\t\t\t<\/div>\n\t\t\t\t<\/div>\n\t\t\t\t\t<\/div>\n\t\t<\/div>\n\t\t\t\t<div class=\"penci-ercol-50 penci-ercol-order-2 penci-sticky-ct    elementor-column elementor-col-50 elementor-top-column elementor-element elementor-element-4e4c5f05\" data-id=\"4e4c5f05\" data-element_type=\"column\">\n\t\t\t<div class=\"elementor-widget-wrap elementor-element-populated\">\n\t\t\t\t\t\t<div class=\"elementor-element elementor-element-3403831d elementor-widget elementor-widget-image\" data-id=\"3403831d\" data-element_type=\"widget\" data-widget_type=\"image.default\">\n\t\t\t\t<div class=\"elementor-widget-container\">\n\t\t\t\t\t\t\t\t\t\t\t\t\t\t\t<img decoding=\"async\" width=\"683\" height=\"1024\" src=\"https:\/\/www.twosisterslivinglife.com\/wp-content\/uploads\/2023\/05\/Food18-2-683x1024.jpg\" class=\"attachment-large size-large wp-image-11104\" alt=\"\" srcset=\"https:\/\/www.twosisterslivinglife.com\/wp-content\/uploads\/2023\/05\/Food18-2-683x1024.jpg 683w, https:\/\/www.twosisterslivinglife.com\/wp-content\/uploads\/2023\/05\/Food18-2-200x300.jpg 200w, https:\/\/www.twosisterslivinglife.com\/wp-content\/uploads\/2023\/05\/Food18-2-768x1152.jpg 768w, https:\/\/www.twosisterslivinglife.com\/wp-content\/uploads\/2023\/05\/Food18-2-1024x1536.jpg 1024w, https:\/\/www.twosisterslivinglife.com\/wp-content\/uploads\/2023\/05\/Food18-2-750x1125.jpg 750w, https:\/\/www.twosisterslivinglife.com\/wp-content\/uploads\/2023\/05\/Food18-2-610x915.jpg 610w, https:\/\/www.twosisterslivinglife.com\/wp-content\/uploads\/2023\/05\/Food18-2-1170x1755.jpg 1170w, https:\/\/www.twosisterslivinglife.com\/wp-content\/uploads\/2023\/05\/Food18-2-585x878.jpg 585w, https:\/\/www.twosisterslivinglife.com\/wp-content\/uploads\/2023\/05\/Food18-2.jpg 1365w\" sizes=\"(max-width: 683px) 100vw, 683px\" data-pin-url=\"https:\/\/www.twosisterslivinglife.com\/de\/zusammenarbeit-mit-uns\/?tp_image_id=11104\" \/>\t\t\t\t\t\t\t\t\t\t\t\t\t\t\t<\/div>\n\t\t\t\t<\/div>\n\t\t\t\t\t<\/div>\n\t\t<\/div>\n\t\t\t\t\t<\/div>\n\t\t<\/section>\n\t\t\t\t<section class=\"penci-section penci-disSticky penci-structure-30 elementor-section elementor-top-section elementor-element elementor-element-7e4f9d71 elementor-section-full_width elementor-section-content-middle elementor-section-height-default elementor-section-height-default\" data-id=\"7e4f9d71\" data-element_type=\"section\">\n\t\t\t\t\t\t<div class=\"elementor-container elementor-column-gap-no\">\n\t\t\t\t\t<div class=\"penci-ercol-33 penci-ercol-order-1 penci-sticky-sb penci-sidebarSC penci-dmcheck penci-elbg-activate  elementor-column elementor-col-33 elementor-top-column elementor-element elementor-element-3094a4c2\" data-id=\"3094a4c2\" data-element_type=\"column\" data-settings=\"{&quot;background_background&quot;:&quot;classic&quot;}\">\n\t\t\t<div class=\"elementor-widget-wrap elementor-element-populated\">\n\t\t\t\t\t\t<div class=\"elementor-element elementor-element-68541a04 elementor-widget elementor-widget-penci-info-box\" data-id=\"68541a04\" data-element_type=\"widget\" data-widget_type=\"penci-info-box.default\">\n\t\t\t\t<div class=\"elementor-widget-container\">\n\t\t\t\t\t        <div id=\"penci_info_box_42457\" class=\"penci-block-vc penci-info-box penci-ibox-top-center penci-view-stacked penci-shape-circle\">\n            <div class=\"penci-ibox-inner penci-animation-grow\">\n\t\t\t\t\t\t\t\t<div class=\"penci-ibox-icon penci-ibox-icon--icon penci-icon penci-tibox-svg\"><span class=\"penci-ibox-icon-fa\"><i aria-hidden=\"true\" class=\"fas fa-star\"><\/i><\/span><\/div>                <div class=\"penci-ibox-content-wrap\">\n\t\t\t\t\t\t\t\t\t\t<h3\n                            class=\"penci-ibox-title\">Gesponserte Beitr\u00f6ge & Gewinnspiele<\/h3>\t\t\t\t\t                        <div class=\"pc-ibox-wpline\"><span class=\"penci-ibox-line\"><\/span><\/div>\t\t\t\t\t                        <div class=\"penci-ibox-content\"><p>Ich glaube an die Unterst\u00fctzung von Marken und Unternehmen, die ich mit 100%igem \u00dcberzeugung empfehlen kann. Z\u00f6gern Sie nicht, mich zu kontaktieren.<\/p>\n<\/div>\t\t\t\t\t                <\/div>\n            <\/div>\n        <\/div>\n\t\t\t\t\t\t<\/div>\n\t\t\t\t<\/div>\n\t\t\t\t<div class=\"elementor-element elementor-element-25c46c98 elementor-widget elementor-widget-penci-button\" data-id=\"25c46c98\" data-element_type=\"widget\" data-widget_type=\"penci-button.default\">\n\t\t\t\t<div class=\"elementor-widget-container\">\n\t\t\t\t\t\t\t<div class=\"pcbtn-wrapper pcbtn-align-center\">\n\t\t\t<a class=\"pcbtn pcbtn-icon-left\" href=\"https:\/\/www.twosisterslivinglife.com\/contact\/\">\n\t\t\t\t<span class=\"pcbtn-wrapperin\">\n\t\t\t\t\t<span class=\"pcbtn-content\">\n\t\t\t\t\t\t\t\t\t\tKontakt\t\t\t<\/span>\n\t\t\t\t\t\t\t\t\t<\/span>\n\t\t\t<\/a>\n\t\t<\/div>\n\t\t\t\t\t\t<\/div>\n\t\t\t\t<\/div>\n\t\t\t\t\t<\/div>\n\t\t<\/div>\n\t\t\t\t<div class=\"penci-ercol-33 penci-ercol-order-2 penci-sticky-sb penci-sidebarSC penci-dmcheck penci-elbg-activate penci-elbg-img elementor-column elementor-col-33 elementor-top-column elementor-element elementor-element-33a641ca\" data-id=\"33a641ca\" data-element_type=\"column\" data-settings=\"{&quot;background_background&quot;:&quot;classic&quot;}\">\n\t\t\t<div class=\"elementor-widget-wrap elementor-element-populated\">\n\t\t\t\t\t<div class=\"elementor-background-overlay\"><\/div>\n\t\t\t\t\t\t<div class=\"elementor-element elementor-element-62e69f0f elementor-widget elementor-widget-penci-info-box\" data-id=\"62e69f0f\" data-element_type=\"widget\" data-widget_type=\"penci-info-box.default\">\n\t\t\t\t<div class=\"elementor-widget-container\">\n\t\t\t\t\t        <div id=\"penci_info_box_32898\" class=\"penci-block-vc penci-info-box penci-ibox-top-center penci-view-stacked penci-shape-circle\">\n            <div class=\"penci-ibox-inner penci-animation-grow\">\n\t\t\t\t\t\t\t\t<div class=\"penci-ibox-icon penci-ibox-icon--icon penci-icon penci-tibox-svg\"><span class=\"penci-ibox-icon-fa\"><i aria-hidden=\"true\" class=\"fas fa-money-check-alt\"><\/i><\/span><\/div>                <div class=\"penci-ibox-content-wrap\">\n\t\t\t\t\t\t\t\t\t\t<h3\n                            class=\"penci-ibox-title\">Individuelle Preisgestaltung <\/h3>\t\t\t\t\t\t\t\t\t\t                        <div class=\"penci-ibox-content\"><div class=\"page\" title=\"Page 1\">\n<div class=\"section\">\n<div class=\"layoutArea\">\n<div class=\"column\">\n<p>Schreiben Sie mir eine Nachricht an <a href=\"mailto:office@twosisterslivinglife.com\">office@twosisterslivinglife.com\u00a0\u00a0\u00a0<\/a><\/p>\n<\/div>\n<\/div>\n<\/div>\n<\/div>\n<\/div>\t\t\t\t\t                <\/div>\n            <\/div>\n        <\/div>\n\t\t\t\t\t\t<\/div>\n\t\t\t\t<\/div>\n\t\t\t\t\t<\/div>\n\t\t<\/div>\n\t\t\t\t<div class=\"penci-ercol-33 penci-ercol-order-3 penci-sticky-sb penci-sidebarSC penci-dmcheck penci-elbg-activate  elementor-column elementor-col-33 elementor-top-column elementor-element elementor-element-b1b17e1\" data-id=\"b1b17e1\" data-element_type=\"column\" data-settings=\"{&quot;background_background&quot;:&quot;classic&quot;}\">\n\t\t\t<div class=\"elementor-widget-wrap elementor-element-populated\">\n\t\t\t\t\t\t<div class=\"elementor-element elementor-element-7f56e825 elementor-widget elementor-widget-penci-info-box\" data-id=\"7f56e825\" data-element_type=\"widget\" data-widget_type=\"penci-info-box.default\">\n\t\t\t\t<div class=\"elementor-widget-container\">\n\t\t\t\t\t        <div id=\"penci_info_box_94093\" class=\"penci-block-vc penci-info-box penci-ibox-top-center penci-view-stacked penci-shape-circle\">\n            <div class=\"penci-ibox-inner penci-animation-grow\">\n\t\t\t\t\t\t\t\t<div class=\"penci-ibox-icon penci-ibox-icon--icon penci-icon penci-tibox-svg\"><span class=\"penci-ibox-icon-fa\"><i aria-hidden=\"true\" class=\"fas fa-pen-fancy\"><\/i><\/span><\/div>                <div class=\"penci-ibox-content-wrap\">\n\t\t\t\t\t\t\t\t\t\t<h3\n                            class=\"penci-ibox-title\">Freelance Food Writing<\/h3>\t\t\t\t\t\t\t\t\t\t\t\t\t\t\t                <\/div>\n            <\/div>\n        <\/div>\n\t\t\t\t\t\t<\/div>\n\t\t\t\t<\/div>\n\t\t\t\t<div class=\"elementor-element elementor-element-1a4c8e92 elementor-widget elementor-widget-penci-button\" data-id=\"1a4c8e92\" data-element_type=\"widget\" data-widget_type=\"penci-button.default\">\n\t\t\t\t<div class=\"elementor-widget-container\">\n\t\t\t\t\t\t\t<div class=\"pcbtn-wrapper pcbtn-align-center\">\n\t\t\t<a class=\"pcbtn pcbtn-icon-left\" href=\"https:\/\/www.twosisterslivinglife.com\/contact\/\">\n\t\t\t\t<span class=\"pcbtn-wrapperin\">\n\t\t\t\t\t<span class=\"pcbtn-content\">\n\t\t\t\t\t\t\t\t\t\tLearn more\t\t\t<\/span>\n\t\t\t\t\t\t\t\t\t<\/span>\n\t\t\t<\/a>\n\t\t<\/div>\n\t\t\t\t\t\t<\/div>\n\t\t\t\t<\/div>\n\t\t\t\t\t<\/div>\n\t\t<\/div>\n\t\t\t\t\t<\/div>\n\t\t<\/section>\n\t\t\t\t<\/div>\n\t\t","protected":false},"excerpt":{"rendered":"<p>Sie m\u00f6chten mit mir zusammenarbeiten? Gro\u00dfartig, kontaktieren Sie mich. Ich w\u00fcrde gerne mehr \u00fcber Ihre Ziele erfahren und sehen, wie wir zusammenarbeiten k\u00f6nnen. Food Fotografie, Styling &#038; Videografie &#8211; Ich kreiere Content f\u00fcr soziale Medien und Webseiten (Fotografie und Videografie&hellip;<\/p>\n","protected":false},"author":2,"featured_media":0,"parent":0,"menu_order":0,"comment_status":"closed","ping_status":"closed","template":"","meta":{"_lmt_disableupdate":"","_lmt_disable":"","footnotes":""},"class_list":["post-10041","page","type-page","status-publish","hentry"],"_links":{"self":[{"href":"https:\/\/www.twosisterslivinglife.com\/de\/wp-json\/wp\/v2\/pages\/10041","targetHints":{"allow":["GET"]}}],"collection":[{"href":"https:\/\/www.twosisterslivinglife.com\/de\/wp-json\/wp\/v2\/pages"}],"about":[{"href":"https:\/\/www.twosisterslivinglife.com\/de\/wp-json\/wp\/v2\/types\/page"}],"author":[{"embeddable":true,"href":"https:\/\/www.twosisterslivinglife.com\/de\/wp-json\/wp\/v2\/users\/2"}],"replies":[{"embeddable":true,"href":"https:\/\/www.twosisterslivinglife.com\/de\/wp-json\/wp\/v2\/comments?post=10041"}],"version-history":[{"count":42,"href":"https:\/\/www.twosisterslivinglife.com\/de\/wp-json\/wp\/v2\/pages\/10041\/revisions"}],"predecessor-version":[{"id":11348,"href":"https:\/\/www.twosisterslivinglife.com\/de\/wp-json\/wp\/v2\/pages\/10041\/revisions\/11348"}],"wp:attachment":[{"href":"https:\/\/www.twosisterslivinglife.com\/de\/wp-json\/wp\/v2\/media?parent=10041"}],"curies":[{"name":"wp","href":"https:\/\/api.w.org\/{rel}","templated":true}]}}