{"id":10034,"date":"2023-01-21T19:32:38","date_gmt":"2023-01-21T18:32:38","guid":{"rendered":"https:\/\/www.twosisterslivinglife.com\/ueber-uns\/"},"modified":"2023-01-21T19:32:39","modified_gmt":"2023-01-21T18:32:39","slug":"ueber-uns","status":"publish","type":"page","link":"https:\/\/www.twosisterslivinglife.com\/de\/ueber-uns\/","title":{"rendered":"\u00dcber uns"},"content":{"rendered":"<p>[vc_row][vc_column][vc_column_text]<\/p>\n<h1><strong>Wir glauben an 3 Dinge: K\u00fcchen sind nicht nur zum Kochen da. Chaos macht das Leben interessant und die Familie ist der Ort, an den wir hin geh\u00f6ren.<\/strong><\/h1>\n<p>&nbsp;<\/p>\n<p>Sp\u00fcrst du, wie es in deinem Herzen brennt? Die Wahrheit in deinem Herzen?<span class=\"Apple-converted-space\">  <\/span>Dann, mein Freund, willkommen in unserem Leben und bitte nimm Platz und lass uns ein wenig \u00fcber das Leben plaudern. Wir hoffen, du bleibst eine Weile.[\/vc_column_text][vc_empty_space height=&#8221;30px&#8221;][penci_container el_width=&#8221;penci-container&#8221; ctsidebar_mb=&#8221;con_sb2_sb1&#8243; container_layout=&#8221;12_12&#8243;][penci_column width=&#8221;1\/2&#8243; order=&#8221;1&#8243;][vc_single_image image=&#8221;8275&#8243; img_size=&#8221;large&#8221;][\/penci_column][penci_column width=&#8221;1\/2&#8243; order=&#8221;2&#8243;][vc_column_text]Ich bin Nina, die \u00e4ltere, reifere H\u00e4lfte von Two Sisters Living Life, und ja, ich bin diejenige, der der Thron des fernen Landes namens &#8220;Chaos&#8221; geh\u00f6rt. \ud83d\ude09 Aber sei versichert, das Chaos mag in meinem Leben herrschen, aber wenn es um meine Kinder und meinen Mann geht, sind sie diejenigen, die mich und mein Herz besitzen.<\/p>\n<p>Ich bin Ende drei\u00dfig und nein, ihr bekommt keine konkreten Zahlen hier. Haben dir deine Eltern nicht beigebracht, dass es unh\u00f6flich ist, eine Frau nach ihrem Alter zu fragen \ud83d\ude09 ?!?[\/vc_column_text][\/penci_column][\/penci_container][vc_empty_space height=&#8221;30px&#8221;][penci_container el_width=&#8221;penci-container&#8221; ctsidebar_mb=&#8221;con_sb2_sb1&#8243; container_layout=&#8221;12_12&#8243;][penci_column width=&#8221;1\/2&#8243; order=&#8221;1&#8243;][vc_column_text]Meine Schwester Antonia ist Mitte zwanzig. Ja, es gibt einen gro\u00dfen Altersunterschied zwischen uns, aber dieser Unterschied besteht nur in den Zahlen, nicht in unserer schwesterlichen Bindung.[\/vc_column_text][\/penci_column][penci_column width=&#8221;1\/2&#8243; order=&#8221;2&#8243;][vc_single_image image=&#8221;8276&#8243; img_size=&#8221;large&#8221;][\/penci_column][\/penci_container][vc_empty_space height=&#8221;30px&#8221;][vc_column_text]Wir leben in \u00d6sterreich, welches ein sehr sch\u00f6ner, gesunder und sicherer Ort ist, um zu leben und eine Familie zu gr\u00fcnden. Wir arbeiten beide im Familienbetrieb unserer Eltern und in unserem Betrieb dreht sich alles um Essen, Getr\u00e4nke und unsere lieben Kunden und Mitarbeiter. Wir wissen also wirklich ein oder zwei Dinge \u00fcber das Kochen, das Kreieren neuer Gerichte, die Kundenzufriedenheit, ein guter Psychologenzu sein und wie an ein Unternehmen f\u00fchrt. Es ist nicht immer einfach, denn es gibt viel Stress und eine Menge t\u00e4glicher Arbeit, aber ich w\u00fcrde nichts \u00e4ndern, wenn ich die M\u00f6glichkeit dazu h\u00e4tte. Wer hat schon das Privileg, fast rund um die Uhr mit seiner Familie (Patriarch, Matriarch, herrischer Bruder) zusammen zu sein?!? Das kann jeder interpretieren wie er es m\u00f6chte \ud83d\ude09.[\/vc_column_text][vc_empty_space height=&#8221;30px&#8221;][vc_single_image image=&#8221;8271&#8243; img_size=&#8221;large&#8221; alignment=&#8221;center&#8221;][vc_empty_space height=&#8221;30px&#8221;][vc_column_text]Unser ganzes Leben lang hatten Antonia und ich diese besondere Verbindung, die nur sehr wenige Menschen teilen. Als meine Schwester noch klein war und unsere Eltern am Anfang des Aufbaus ihres Unternehmens standen, war ich diejenige, die mehr oder weniger bei der Erziehung von Antonia geholfen hat. Ich glaube, dass dieses viele intensive Zeit die wir zusammen verbracht haben, das ist, was uns durch alles hindurch zusammenhalten l\u00e4sst, was das Leben uns vorwirft.<\/p>\n<p>&nbsp;<\/p>\n<h3>In unserem Blog dreht sich alles um Seelen tr\u00f6stendes Essen, meist gesund, aber immer mit viel Liebe zubereitet. Wir lieben es, das Fr\u00fchst\u00fcck zu zelebrieren und nat\u00fcrlich das Leben in einem tief verbundenen Familienstamm. Antonia ist der Weltbummler von uns Zwei. Einige DIY&#8217;s und alles, was zwischen der K\u00fcche und der T\u00fcrschwelle zu fifty shades of a Chaos namens LIFE passiert.<\/h3>\n<p>&nbsp;<\/p>\n<h4>Herzlich willkommen, wir freuen uns, dass ihr hier seid, nehmt Platz und genie\u00dft die Fahrt.<\/h4>\n<h4>Das sind wir, Nina und Antonia!<\/h4>\n<p>[\/vc_column_text][\/vc_column][\/vc_row]<\/p>\n","protected":false},"excerpt":{"rendered":"","protected":false},"author":1,"featured_media":0,"parent":0,"menu_order":0,"comment_status":"closed","ping_status":"closed","template":"","meta":{"_lmt_disableupdate":"","_lmt_disable":"","footnotes":""},"class_list":["post-10034","page","type-page","status-publish","hentry"],"_links":{"self":[{"href":"https:\/\/www.twosisterslivinglife.com\/de\/wp-json\/wp\/v2\/pages\/10034","targetHints":{"allow":["GET"]}}],"collection":[{"href":"https:\/\/www.twosisterslivinglife.com\/de\/wp-json\/wp\/v2\/pages"}],"about":[{"href":"https:\/\/www.twosisterslivinglife.com\/de\/wp-json\/wp\/v2\/types\/page"}],"author":[{"embeddable":true,"href":"https:\/\/www.twosisterslivinglife.com\/de\/wp-json\/wp\/v2\/users\/1"}],"replies":[{"embeddable":true,"href":"https:\/\/www.twosisterslivinglife.com\/de\/wp-json\/wp\/v2\/comments?post=10034"}],"version-history":[{"count":3,"href":"https:\/\/www.twosisterslivinglife.com\/de\/wp-json\/wp\/v2\/pages\/10034\/revisions"}],"predecessor-version":[{"id":10037,"href":"https:\/\/www.twosisterslivinglife.com\/de\/wp-json\/wp\/v2\/pages\/10034\/revisions\/10037"}],"wp:attachment":[{"href":"https:\/\/www.twosisterslivinglife.com\/de\/wp-json\/wp\/v2\/media?parent=10034"}],"curies":[{"name":"wp","href":"https:\/\/api.w.org\/{rel}","templated":true}]}}